{"id":2712,"date":"2025-12-19T11:30:57","date_gmt":"2025-12-19T11:30:57","guid":{"rendered":"https:\/\/cecisosa.com\/?page_id=2712"},"modified":"2025-12-19T11:30:57","modified_gmt":"2025-12-19T11:30:57","slug":"politica-de-cookies","status":"publish","type":"page","link":"https:\/\/cecisosa.com\/en\/cookie-policy\/","title":{"rendered":"COOKIES POLICY"},"content":{"rendered":"<h2 data-start=\"3212\" data-end=\"3239\">1. What are cookies?<\/h2>\n<p data-start=\"3241\" data-end=\"3450\">Cookies are small text files that are stored on the user's device when visiting a website. They allow, among other things, to recognise the user and improve the browsing experience.<\/p>\n<p data-start=\"3241\" data-end=\"3450\">\n<h2 data-start=\"3457\" data-end=\"3490\">2. Types of cookies used<\/h2>\n<p data-start=\"3492\" data-end=\"3546\">This website may use the following cookies:<\/p>\n<h3 data-start=\"3548\" data-end=\"3568\">Technical cookies<\/h3>\n<p data-start=\"3569\" data-end=\"3698\">They allow the user to browse the website and use the different options or services that exist on it.<\/p>\n<h3 data-start=\"3700\" data-end=\"3723\">Analytics cookies<\/h3>\n<p data-start=\"3724\" data-end=\"3890\">They make it possible to quantify the number of users and to carry out the measurement and statistical analysis of the use made by users of the website (e.g. Google Analytics).<\/p>\n<h3 data-start=\"3892\" data-end=\"3934\">Personalisation cookies (if applicable)<\/h3>\n<p data-start=\"3935\" data-end=\"4037\">They allow information to be remembered so that the user can access the service with certain characteristics.<\/p>\n<p data-start=\"3935\" data-end=\"4037\">\n<h2 data-start=\"4044\" data-end=\"4069\">3. Third party cookies<\/h2>\n<p data-start=\"4071\" data-end=\"4195\">This website may use third-party services that collect information for statistical or website usage purposes.<\/p>\n<p data-start=\"4071\" data-end=\"4195\">\n<h2 data-start=\"4202\" data-end=\"4226\">4. Cookie management<\/h2>\n<p data-start=\"4228\" data-end=\"4384\">The user can allow, block or delete the cookies installed on their device by configuring the options of the browser they use:<\/p>\n<ul data-start=\"4386\" data-end=\"4428\">\n<li data-start=\"4386\" data-end=\"4396\">\n<p data-start=\"4388\" data-end=\"4396\">Chrome<\/p>\n<\/li>\n<li data-start=\"4397\" data-end=\"4408\">\n<p data-start=\"4399\" data-end=\"4408\">Firefox<\/p>\n<\/li>\n<li data-start=\"4409\" data-end=\"4419\">\n<p data-start=\"4411\" data-end=\"4419\">Safari<\/p>\n<\/li>\n<li data-start=\"4420\" data-end=\"4428\">\n<p data-start=\"4422\" data-end=\"4428\">Edge<\/p>\n<\/li>\n<\/ul>\n<p data-start=\"4430\" data-end=\"4513\">Disabling cookies may affect the proper functioning of the website.<\/p>\n<p data-start=\"4430\" data-end=\"4513\">\n<h2 data-start=\"4520\" data-end=\"4562\">5. Acceptance of the cookies policy<\/h2>\n<p data-start=\"4564\" data-end=\"4735\">By browsing this website and accepting the cookie notice, the user consents to the use of cookies under the conditions set out in this Cookies Policy.<\/p>","protected":false},"excerpt":{"rendered":"<p>1. \u00bfQu\u00e9 son las cookies? Las cookies son peque\u00f1os archivos de texto que se almacenan en el dispositivo del usuario cuando visita una p\u00e1gina web. Permiten, entre otras cosas, reconocer al usuario y mejorar la experiencia de navegaci\u00f3n. 2. Tipos de cookies utilizadas Esta p\u00e1gina web puede utilizar las siguientes cookies: Cookies t\u00e9cnicas Permiten al [&hellip;]<\/p>","protected":false},"author":1,"featured_media":0,"parent":0,"menu_order":0,"comment_status":"closed","ping_status":"closed","template":"","meta":{"footnotes":""},"class_list":["post-2712","page","type-page","status-publish","hentry"],"yoast_head":"<!-- This site is optimized with the Yoast SEO plugin v27.4 - https:\/\/yoast.com\/product\/yoast-seo-wordpress\/ -->\n<title>POL\u00cdTICA DE COOKIES<\/title>\n<meta name=\"robots\" content=\"index, follow, max-snippet:-1, max-image-preview:large, max-video-preview:-1\" \/>\n<link rel=\"canonical\" href=\"https:\/\/cecisosa.com\/en\/cookie-policy\/\" \/>\n<meta property=\"og:locale\" content=\"en_GB\" \/>\n<meta property=\"og:type\" content=\"article\" \/>\n<meta property=\"og:title\" content=\"POL\u00cdTICA DE COOKIES\" \/>\n<meta property=\"og:description\" content=\"1. \u00bfQu\u00e9 son las cookies? Las cookies son peque\u00f1os archivos de texto que se almacenan en el dispositivo del usuario cuando visita una p\u00e1gina web. Permiten, entre otras cosas, reconocer al usuario y mejorar la experiencia de navegaci\u00f3n. 2. Tipos de cookies utilizadas Esta p\u00e1gina web puede utilizar las siguientes cookies: Cookies t\u00e9cnicas Permiten al [&hellip;]\" \/>\n<meta property=\"og:url\" content=\"https:\/\/cecisosa.com\/en\/cookie-policy\/\" \/>\n<meta property=\"og:site_name\" content=\"Ceci Sosa Estilista\" \/>\n<meta name=\"twitter:card\" content=\"summary_large_image\" \/>\n<meta name=\"twitter:label1\" content=\"Estimated reading time\" \/>\n\t<meta name=\"twitter:data1\" content=\"2 minutes\" \/>\n<script type=\"application\/ld+json\" class=\"yoast-schema-graph\">{\"@context\":\"https:\\\/\\\/schema.org\",\"@graph\":[{\"@type\":\"WebPage\",\"@id\":\"https:\\\/\\\/cecisosa.com\\\/politica-de-cookies\\\/\",\"url\":\"https:\\\/\\\/cecisosa.com\\\/politica-de-cookies\\\/\",\"name\":\"POL\u00cdTICA DE COOKIES\",\"isPartOf\":{\"@id\":\"https:\\\/\\\/cecisosa.com\\\/#website\"},\"datePublished\":\"2025-12-19T11:30:57+00:00\",\"breadcrumb\":{\"@id\":\"https:\\\/\\\/cecisosa.com\\\/politica-de-cookies\\\/#breadcrumb\"},\"inLanguage\":\"en-GB\",\"potentialAction\":[{\"@type\":\"ReadAction\",\"target\":[\"https:\\\/\\\/cecisosa.com\\\/politica-de-cookies\\\/\"]}]},{\"@type\":\"BreadcrumbList\",\"@id\":\"https:\\\/\\\/cecisosa.com\\\/politica-de-cookies\\\/#breadcrumb\",\"itemListElement\":[{\"@type\":\"ListItem\",\"position\":1,\"name\":\"Portada\",\"item\":\"https:\\\/\\\/cecisosa.com\\\/\"},{\"@type\":\"ListItem\",\"position\":2,\"name\":\"POL\u00cdTICA DE COOKIES\"}]},{\"@type\":\"WebSite\",\"@id\":\"https:\\\/\\\/cecisosa.com\\\/#website\",\"url\":\"https:\\\/\\\/cecisosa.com\\\/\",\"name\":\"Ceci Sosa Estilista\",\"description\":\"Wedding Hairstylist\",\"publisher\":{\"@id\":\"https:\\\/\\\/cecisosa.com\\\/#organization\"},\"potentialAction\":[{\"@type\":\"SearchAction\",\"target\":{\"@type\":\"EntryPoint\",\"urlTemplate\":\"https:\\\/\\\/cecisosa.com\\\/?s={search_term_string}\"},\"query-input\":{\"@type\":\"PropertyValueSpecification\",\"valueRequired\":true,\"valueName\":\"search_term_string\"}}],\"inLanguage\":\"en-GB\"},{\"@type\":\"Organization\",\"@id\":\"https:\\\/\\\/cecisosa.com\\\/#organization\",\"name\":\"Ceci Sosa Estilista\",\"url\":\"https:\\\/\\\/cecisosa.com\\\/\",\"logo\":{\"@type\":\"ImageObject\",\"inLanguage\":\"en-GB\",\"@id\":\"https:\\\/\\\/cecisosa.com\\\/#\\\/schema\\\/logo\\\/image\\\/\",\"url\":\"https:\\\/\\\/cecisosa.com\\\/wp-content\\\/uploads\\\/2024\\\/12\\\/cropped-3e-1-e1735418637844.png\",\"contentUrl\":\"https:\\\/\\\/cecisosa.com\\\/wp-content\\\/uploads\\\/2024\\\/12\\\/cropped-3e-1-e1735418637844.png\",\"width\":468,\"height\":123,\"caption\":\"Ceci Sosa Estilista\"},\"image\":{\"@id\":\"https:\\\/\\\/cecisosa.com\\\/#\\\/schema\\\/logo\\\/image\\\/\"}}]}<\/script>\n<!-- \/ Yoast SEO plugin. -->","yoast_head_json":{"title":"POL\u00cdTICA DE COOKIES","robots":{"index":"index","follow":"follow","max-snippet":"max-snippet:-1","max-image-preview":"max-image-preview:large","max-video-preview":"max-video-preview:-1"},"canonical":"https:\/\/cecisosa.com\/en\/cookie-policy\/","og_locale":"en_GB","og_type":"article","og_title":"POL\u00cdTICA DE COOKIES","og_description":"1. \u00bfQu\u00e9 son las cookies? Las cookies son peque\u00f1os archivos de texto que se almacenan en el dispositivo del usuario cuando visita una p\u00e1gina web. Permiten, entre otras cosas, reconocer al usuario y mejorar la experiencia de navegaci\u00f3n. 2. Tipos de cookies utilizadas Esta p\u00e1gina web puede utilizar las siguientes cookies: Cookies t\u00e9cnicas Permiten al [&hellip;]","og_url":"https:\/\/cecisosa.com\/en\/cookie-policy\/","og_site_name":"Ceci Sosa Estilista","twitter_card":"summary_large_image","twitter_misc":{"Estimated reading time":"2 minutes"},"schema":{"@context":"https:\/\/schema.org","@graph":[{"@type":"WebPage","@id":"https:\/\/cecisosa.com\/politica-de-cookies\/","url":"https:\/\/cecisosa.com\/politica-de-cookies\/","name":"POL\u00cdTICA DE COOKIES","isPartOf":{"@id":"https:\/\/cecisosa.com\/#website"},"datePublished":"2025-12-19T11:30:57+00:00","breadcrumb":{"@id":"https:\/\/cecisosa.com\/politica-de-cookies\/#breadcrumb"},"inLanguage":"en-GB","potentialAction":[{"@type":"ReadAction","target":["https:\/\/cecisosa.com\/politica-de-cookies\/"]}]},{"@type":"BreadcrumbList","@id":"https:\/\/cecisosa.com\/politica-de-cookies\/#breadcrumb","itemListElement":[{"@type":"ListItem","position":1,"name":"Portada","item":"https:\/\/cecisosa.com\/"},{"@type":"ListItem","position":2,"name":"POL\u00cdTICA DE COOKIES"}]},{"@type":"WebSite","@id":"https:\/\/cecisosa.com\/#website","url":"https:\/\/cecisosa.com\/","name":"Ceci Sosa Estilista","description":"Wedding Hairstylist","publisher":{"@id":"https:\/\/cecisosa.com\/#organization"},"potentialAction":[{"@type":"SearchAction","target":{"@type":"EntryPoint","urlTemplate":"https:\/\/cecisosa.com\/?s={search_term_string}"},"query-input":{"@type":"PropertyValueSpecification","valueRequired":true,"valueName":"search_term_string"}}],"inLanguage":"en-GB"},{"@type":"Organization","@id":"https:\/\/cecisosa.com\/#organization","name":"Ceci Sosa Estilista","url":"https:\/\/cecisosa.com\/","logo":{"@type":"ImageObject","inLanguage":"en-GB","@id":"https:\/\/cecisosa.com\/#\/schema\/logo\/image\/","url":"https:\/\/cecisosa.com\/wp-content\/uploads\/2024\/12\/cropped-3e-1-e1735418637844.png","contentUrl":"https:\/\/cecisosa.com\/wp-content\/uploads\/2024\/12\/cropped-3e-1-e1735418637844.png","width":468,"height":123,"caption":"Ceci Sosa Estilista"},"image":{"@id":"https:\/\/cecisosa.com\/#\/schema\/logo\/image\/"}}]}},"_links":{"self":[{"href":"https:\/\/cecisosa.com\/en\/wp-json\/wp\/v2\/pages\/2712","targetHints":{"allow":["GET"]}}],"collection":[{"href":"https:\/\/cecisosa.com\/en\/wp-json\/wp\/v2\/pages"}],"about":[{"href":"https:\/\/cecisosa.com\/en\/wp-json\/wp\/v2\/types\/page"}],"author":[{"embeddable":true,"href":"https:\/\/cecisosa.com\/en\/wp-json\/wp\/v2\/users\/1"}],"replies":[{"embeddable":true,"href":"https:\/\/cecisosa.com\/en\/wp-json\/wp\/v2\/comments?post=2712"}],"version-history":[{"count":1,"href":"https:\/\/cecisosa.com\/en\/wp-json\/wp\/v2\/pages\/2712\/revisions"}],"predecessor-version":[{"id":2713,"href":"https:\/\/cecisosa.com\/en\/wp-json\/wp\/v2\/pages\/2712\/revisions\/2713"}],"wp:attachment":[{"href":"https:\/\/cecisosa.com\/en\/wp-json\/wp\/v2\/media?parent=2712"}],"curies":[{"name":"wp","href":"https:\/\/api.w.org\/{rel}","templated":true}]}}