{"id":2710,"date":"2025-12-19T11:29:48","date_gmt":"2025-12-19T11:29:48","guid":{"rendered":"https:\/\/cecisosa.com\/?page_id=2710"},"modified":"2025-12-19T11:29:48","modified_gmt":"2025-12-19T11:29:48","slug":"politicas-de-privacidad","status":"publish","type":"page","link":"https:\/\/cecisosa.com\/en\/privacy-policy\/","title":{"rendered":"Privacy Policy"},"content":{"rendered":"<h2 data-start=\"436\" data-end=\"469\">1. Data controller<\/h2>\n<ul data-start=\"471\" data-end=\"666\">\n<li data-start=\"471\" data-end=\"527\">\n<p data-start=\"473\" data-end=\"527\"><strong data-start=\"473\" data-end=\"489\">Responsible:<\/strong> Ceci Sosa<\/p>\n<\/li>\n<li data-start=\"554\" data-end=\"593\">\n<p data-start=\"556\" data-end=\"593\"><strong data-start=\"556\" data-end=\"570\">Address:<\/strong> Fuengirola, Malaga<\/p>\n<\/li>\n<li data-start=\"594\" data-end=\"641\">\n<p data-start=\"596\" data-end=\"641\"><strong data-start=\"596\" data-end=\"619\">E-mail: info@cecisosa.com<\/strong><\/p>\n<\/li>\n<li data-start=\"642\" data-end=\"666\">\n<p data-start=\"644\" data-end=\"666\"><strong data-start=\"644\" data-end=\"657\">Telephone:<\/strong> xxxxxxxxx<\/p>\n<\/li>\n<\/ul>\n<p>&nbsp;<\/p>\n<h2 data-start=\"673\" data-end=\"710\">2. Personal data collected<\/h2>\n<p data-start=\"712\" data-end=\"790\">The following personal data may be collected via this website:<\/p>\n<ul data-start=\"792\" data-end=\"1032\">\n<li data-start=\"792\" data-end=\"814\">\n<p data-start=\"794\" data-end=\"814\">Name and surname<\/p>\n<\/li>\n<li data-start=\"815\" data-end=\"827\">\n<p data-start=\"817\" data-end=\"827\">Telephone<\/p>\n<\/li>\n<li data-start=\"828\" data-end=\"863\">\n<p data-start=\"830\" data-end=\"863\">E-mail address<\/p>\n<\/li>\n<li data-start=\"864\" data-end=\"930\">\n<p data-start=\"866\" data-end=\"930\">Postal address (for home delivery)<\/p>\n<\/li>\n<li data-start=\"931\" data-end=\"1032\">\n<p data-start=\"933\" data-end=\"1032\">Any other data provided voluntarily by the user through forms or direct contact.<\/p>\n<\/li>\n<\/ul>\n<p>&nbsp;<\/p>\n<h2 data-start=\"1039\" data-end=\"1070\">3. Purpose of processing<\/h2>\n<p data-start=\"1072\" data-end=\"1166\">The personal data provided by the user will be processed for the following purposes:<\/p>\n<ul data-start=\"1168\" data-end=\"1429\">\n<li data-start=\"1168\" data-end=\"1219\">\n<p data-start=\"1170\" data-end=\"1219\">Manage requests for information or contact<\/p>\n<\/li>\n<li data-start=\"1220\" data-end=\"1288\">\n<p data-start=\"1222\" data-end=\"1288\">Manage the contracting of home hairdressing services.<\/p>\n<\/li>\n<li data-start=\"1289\" data-end=\"1326\">\n<p data-start=\"1291\" data-end=\"1326\">Coordinate appointments and travel<\/p>\n<\/li>\n<li data-start=\"1327\" data-end=\"1377\">\n<p data-start=\"1329\" data-end=\"1377\">Dealing with queries, complaints or incidents<\/p>\n<\/li>\n<li data-start=\"1378\" data-end=\"1429\">\n<p data-start=\"1380\" data-end=\"1429\">Comply with applicable legal obligations<\/p>\n<\/li>\n<\/ul>\n<p data-start=\"1431\" data-end=\"1496\">No automated decisions will be made and no profiling will take place.<\/p>\n<p data-start=\"1431\" data-end=\"1496\">\n<h2 data-start=\"1503\" data-end=\"1541\">4. Legitimation for processing<\/h2>\n<p data-start=\"1543\" data-end=\"1593\">The legal basis for the processing of the data is:<\/p>\n<ul data-start=\"1595\" data-end=\"1778\">\n<li data-start=\"1595\" data-end=\"1669\">\n<p data-start=\"1597\" data-end=\"1669\">The <strong data-start=\"1600\" data-end=\"1633\">consent of the data subject<\/strong> when submitting forms or contacting<\/p>\n<\/li>\n<li data-start=\"1670\" data-end=\"1732\">\n<p data-start=\"1672\" data-end=\"1732\">The <strong data-start=\"1675\" data-end=\"1703\">execution of a contract<\/strong> or pre-contract of services<\/p>\n<\/li>\n<li data-start=\"1733\" data-end=\"1778\">\n<p data-start=\"1735\" data-end=\"1778\">The <strong data-start=\"1738\" data-end=\"1778\">compliance with legal obligations<\/strong><\/p>\n<\/li>\n<\/ul>\n<p>&nbsp;<\/p>\n<h2 data-start=\"1785\" data-end=\"1816\">5. Data retention<\/h2>\n<p data-start=\"1818\" data-end=\"1999\">Personal data will be kept for the time necessary to fulfil the purpose for which they were collected and, thereafter, for the legally required periods.<\/p>\n<p data-start=\"1818\" data-end=\"1999\">\n<h2 data-start=\"2006\" data-end=\"2038\">6. Recipients of the data<\/h2>\n<p data-start=\"2040\" data-end=\"2315\">Data will not be transferred to third parties, except when legally obliged or when necessary for the correct provision of the service (e.g. administrative managers or technological service providers), with whom the corresponding confidentiality contracts will be signed.<\/p>\n<p data-start=\"2040\" data-end=\"2315\">\n<h2 data-start=\"2322\" data-end=\"2348\">7. User rights<\/h2>\n<p data-start=\"2350\" data-end=\"2377\">The user has the right to:<\/p>\n<ul data-start=\"2379\" data-end=\"2592\">\n<li data-start=\"2379\" data-end=\"2413\">\n<p data-start=\"2381\" data-end=\"2413\">Accessing your personal data<\/p>\n<\/li>\n<li data-start=\"2414\" data-end=\"2448\">\n<p data-start=\"2416\" data-end=\"2448\">Rectify inaccurate data<\/p>\n<\/li>\n<li data-start=\"2449\" data-end=\"2475\">\n<p data-start=\"2451\" data-end=\"2475\">Request its deletion<\/p>\n<\/li>\n<li data-start=\"2476\" data-end=\"2521\">\n<p data-start=\"2478\" data-end=\"2521\">Request the restriction of their processing<\/p>\n<\/li>\n<li data-start=\"2522\" data-end=\"2549\">\n<p data-start=\"2524\" data-end=\"2549\">Oppose treatment<\/p>\n<\/li>\n<li data-start=\"2550\" data-end=\"2592\">\n<p data-start=\"2552\" data-end=\"2592\">Request the portability of your data<\/p>\n<\/li>\n<\/ul>\n<p data-start=\"2594\" data-end=\"2701\">You may exercise your rights by sending a request together with a copy of your ID card to:<br data-start=\"2672\" data-end=\"2675\" \/>\ud83d\udce7 <strong data-start=\"2678\" data-end=\"2701\">[Contact email] [Contact email<\/strong><\/p>\n<p data-start=\"2703\" data-end=\"2821\">You also have the right to lodge a complaint to the <strong data-start=\"2763\" data-end=\"2820\">Spanish Data Protection Agency (<a class=\"decorated-link\" href=\"http:\/\/www.aepd.es\" target=\"_new\" rel=\"noopener\" data-start=\"2806\" data-end=\"2817\">www.aepd.es<\/a>)<\/strong>.<\/p>\n<p data-start=\"2703\" data-end=\"2821\">\n<h2 data-start=\"2828\" data-end=\"2854\">8. Security measures<\/h2>\n<p data-start=\"2856\" data-end=\"3001\">The controller adopts the necessary technical and organisational measures to guarantee the security and integrity of the personal data processed.<\/p>\n<p data-start=\"2856\" data-end=\"3001\">\n<h2 data-start=\"3008\" data-end=\"3050\">9. Changes to the privacy policy<\/h2>\n<p data-start=\"3052\" data-end=\"3182\">The responsible party reserves the right to modify this policy to adapt it to new legislation or jurisprudence.<\/p>","protected":false},"excerpt":{"rendered":"<p>1. Responsable del tratamiento Responsable: Ceci Sosa Domicilio: Fuengirola, M\u00e1laga Correo electr\u00f3nico: info@cecisosa.com Tel\u00e9fono: xxxxxxxxx &nbsp; 2. Datos personales que se recogen A trav\u00e9s de esta p\u00e1gina web se pueden recoger los siguientes datos personales: Nombre y apellidos Tel\u00e9fono Direcci\u00f3n de correo electr\u00f3nico Direcci\u00f3n postal (para la prestaci\u00f3n del servicio a domicilio) Cualquier otro dato [&hellip;]<\/p>","protected":false},"author":1,"featured_media":0,"parent":0,"menu_order":0,"comment_status":"closed","ping_status":"closed","template":"","meta":{"footnotes":""},"class_list":["post-2710","page","type-page","status-publish","hentry"],"yoast_head":"<!-- This site is optimized with the Yoast SEO plugin v27.4 - https:\/\/yoast.com\/product\/yoast-seo-wordpress\/ -->\n<title>Pol\u00edticas de Privacidad<\/title>\n<meta name=\"robots\" content=\"index, follow, max-snippet:-1, max-image-preview:large, max-video-preview:-1\" \/>\n<link rel=\"canonical\" href=\"https:\/\/cecisosa.com\/en\/privacy-policy\/\" \/>\n<meta property=\"og:locale\" content=\"en_GB\" \/>\n<meta property=\"og:type\" content=\"article\" \/>\n<meta property=\"og:title\" content=\"Pol\u00edticas de Privacidad\" \/>\n<meta property=\"og:description\" content=\"1. Responsable del tratamiento Responsable: Ceci Sosa Domicilio: Fuengirola, M\u00e1laga Correo electr\u00f3nico: info@cecisosa.com Tel\u00e9fono: xxxxxxxxx &nbsp; 2. Datos personales que se recogen A trav\u00e9s de esta p\u00e1gina web se pueden recoger los siguientes datos personales: Nombre y apellidos Tel\u00e9fono Direcci\u00f3n de correo electr\u00f3nico Direcci\u00f3n postal (para la prestaci\u00f3n del servicio a domicilio) Cualquier otro dato [&hellip;]\" \/>\n<meta property=\"og:url\" content=\"https:\/\/cecisosa.com\/en\/privacy-policy\/\" \/>\n<meta property=\"og:site_name\" content=\"Ceci Sosa Estilista\" \/>\n<meta name=\"twitter:card\" content=\"summary_large_image\" \/>\n<meta name=\"twitter:label1\" content=\"Estimated reading time\" \/>\n\t<meta name=\"twitter:data1\" content=\"2 minutes\" \/>\n<script type=\"application\/ld+json\" class=\"yoast-schema-graph\">{\"@context\":\"https:\\\/\\\/schema.org\",\"@graph\":[{\"@type\":\"WebPage\",\"@id\":\"https:\\\/\\\/cecisosa.com\\\/politicas-de-privacidad\\\/\",\"url\":\"https:\\\/\\\/cecisosa.com\\\/politicas-de-privacidad\\\/\",\"name\":\"Pol\u00edticas de Privacidad\",\"isPartOf\":{\"@id\":\"https:\\\/\\\/cecisosa.com\\\/#website\"},\"datePublished\":\"2025-12-19T11:29:48+00:00\",\"breadcrumb\":{\"@id\":\"https:\\\/\\\/cecisosa.com\\\/politicas-de-privacidad\\\/#breadcrumb\"},\"inLanguage\":\"en-GB\",\"potentialAction\":[{\"@type\":\"ReadAction\",\"target\":[\"https:\\\/\\\/cecisosa.com\\\/politicas-de-privacidad\\\/\"]}]},{\"@type\":\"BreadcrumbList\",\"@id\":\"https:\\\/\\\/cecisosa.com\\\/politicas-de-privacidad\\\/#breadcrumb\",\"itemListElement\":[{\"@type\":\"ListItem\",\"position\":1,\"name\":\"Portada\",\"item\":\"https:\\\/\\\/cecisosa.com\\\/\"},{\"@type\":\"ListItem\",\"position\":2,\"name\":\"Pol\u00edticas de Privacidad\"}]},{\"@type\":\"WebSite\",\"@id\":\"https:\\\/\\\/cecisosa.com\\\/#website\",\"url\":\"https:\\\/\\\/cecisosa.com\\\/\",\"name\":\"Ceci Sosa Estilista\",\"description\":\"Wedding Hairstylist\",\"publisher\":{\"@id\":\"https:\\\/\\\/cecisosa.com\\\/#organization\"},\"potentialAction\":[{\"@type\":\"SearchAction\",\"target\":{\"@type\":\"EntryPoint\",\"urlTemplate\":\"https:\\\/\\\/cecisosa.com\\\/?s={search_term_string}\"},\"query-input\":{\"@type\":\"PropertyValueSpecification\",\"valueRequired\":true,\"valueName\":\"search_term_string\"}}],\"inLanguage\":\"en-GB\"},{\"@type\":\"Organization\",\"@id\":\"https:\\\/\\\/cecisosa.com\\\/#organization\",\"name\":\"Ceci Sosa Estilista\",\"url\":\"https:\\\/\\\/cecisosa.com\\\/\",\"logo\":{\"@type\":\"ImageObject\",\"inLanguage\":\"en-GB\",\"@id\":\"https:\\\/\\\/cecisosa.com\\\/#\\\/schema\\\/logo\\\/image\\\/\",\"url\":\"https:\\\/\\\/cecisosa.com\\\/wp-content\\\/uploads\\\/2024\\\/12\\\/cropped-3e-1-e1735418637844.png\",\"contentUrl\":\"https:\\\/\\\/cecisosa.com\\\/wp-content\\\/uploads\\\/2024\\\/12\\\/cropped-3e-1-e1735418637844.png\",\"width\":468,\"height\":123,\"caption\":\"Ceci Sosa Estilista\"},\"image\":{\"@id\":\"https:\\\/\\\/cecisosa.com\\\/#\\\/schema\\\/logo\\\/image\\\/\"}}]}<\/script>\n<!-- \/ Yoast SEO plugin. -->","yoast_head_json":{"title":"Pol\u00edticas de Privacidad","robots":{"index":"index","follow":"follow","max-snippet":"max-snippet:-1","max-image-preview":"max-image-preview:large","max-video-preview":"max-video-preview:-1"},"canonical":"https:\/\/cecisosa.com\/en\/privacy-policy\/","og_locale":"en_GB","og_type":"article","og_title":"Pol\u00edticas de Privacidad","og_description":"1. Responsable del tratamiento Responsable: Ceci Sosa Domicilio: Fuengirola, M\u00e1laga Correo electr\u00f3nico: info@cecisosa.com Tel\u00e9fono: xxxxxxxxx &nbsp; 2. Datos personales que se recogen A trav\u00e9s de esta p\u00e1gina web se pueden recoger los siguientes datos personales: Nombre y apellidos Tel\u00e9fono Direcci\u00f3n de correo electr\u00f3nico Direcci\u00f3n postal (para la prestaci\u00f3n del servicio a domicilio) Cualquier otro dato [&hellip;]","og_url":"https:\/\/cecisosa.com\/en\/privacy-policy\/","og_site_name":"Ceci Sosa Estilista","twitter_card":"summary_large_image","twitter_misc":{"Estimated reading time":"2 minutes"},"schema":{"@context":"https:\/\/schema.org","@graph":[{"@type":"WebPage","@id":"https:\/\/cecisosa.com\/politicas-de-privacidad\/","url":"https:\/\/cecisosa.com\/politicas-de-privacidad\/","name":"Pol\u00edticas de Privacidad","isPartOf":{"@id":"https:\/\/cecisosa.com\/#website"},"datePublished":"2025-12-19T11:29:48+00:00","breadcrumb":{"@id":"https:\/\/cecisosa.com\/politicas-de-privacidad\/#breadcrumb"},"inLanguage":"en-GB","potentialAction":[{"@type":"ReadAction","target":["https:\/\/cecisosa.com\/politicas-de-privacidad\/"]}]},{"@type":"BreadcrumbList","@id":"https:\/\/cecisosa.com\/politicas-de-privacidad\/#breadcrumb","itemListElement":[{"@type":"ListItem","position":1,"name":"Portada","item":"https:\/\/cecisosa.com\/"},{"@type":"ListItem","position":2,"name":"Pol\u00edticas de Privacidad"}]},{"@type":"WebSite","@id":"https:\/\/cecisosa.com\/#website","url":"https:\/\/cecisosa.com\/","name":"Ceci Sosa Estilista","description":"Wedding Hairstylist","publisher":{"@id":"https:\/\/cecisosa.com\/#organization"},"potentialAction":[{"@type":"SearchAction","target":{"@type":"EntryPoint","urlTemplate":"https:\/\/cecisosa.com\/?s={search_term_string}"},"query-input":{"@type":"PropertyValueSpecification","valueRequired":true,"valueName":"search_term_string"}}],"inLanguage":"en-GB"},{"@type":"Organization","@id":"https:\/\/cecisosa.com\/#organization","name":"Ceci Sosa Estilista","url":"https:\/\/cecisosa.com\/","logo":{"@type":"ImageObject","inLanguage":"en-GB","@id":"https:\/\/cecisosa.com\/#\/schema\/logo\/image\/","url":"https:\/\/cecisosa.com\/wp-content\/uploads\/2024\/12\/cropped-3e-1-e1735418637844.png","contentUrl":"https:\/\/cecisosa.com\/wp-content\/uploads\/2024\/12\/cropped-3e-1-e1735418637844.png","width":468,"height":123,"caption":"Ceci Sosa Estilista"},"image":{"@id":"https:\/\/cecisosa.com\/#\/schema\/logo\/image\/"}}]}},"_links":{"self":[{"href":"https:\/\/cecisosa.com\/en\/wp-json\/wp\/v2\/pages\/2710","targetHints":{"allow":["GET"]}}],"collection":[{"href":"https:\/\/cecisosa.com\/en\/wp-json\/wp\/v2\/pages"}],"about":[{"href":"https:\/\/cecisosa.com\/en\/wp-json\/wp\/v2\/types\/page"}],"author":[{"embeddable":true,"href":"https:\/\/cecisosa.com\/en\/wp-json\/wp\/v2\/users\/1"}],"replies":[{"embeddable":true,"href":"https:\/\/cecisosa.com\/en\/wp-json\/wp\/v2\/comments?post=2710"}],"version-history":[{"count":1,"href":"https:\/\/cecisosa.com\/en\/wp-json\/wp\/v2\/pages\/2710\/revisions"}],"predecessor-version":[{"id":2711,"href":"https:\/\/cecisosa.com\/en\/wp-json\/wp\/v2\/pages\/2710\/revisions\/2711"}],"wp:attachment":[{"href":"https:\/\/cecisosa.com\/en\/wp-json\/wp\/v2\/media?parent=2710"}],"curies":[{"name":"wp","href":"https:\/\/api.w.org\/{rel}","templated":true}]}}